{"id":314,"date":"2021-06-15T13:20:35","date_gmt":"2021-06-15T18:20:35","guid":{"rendered":"https:\/\/distributioncmr.com\/?page_id=314"},"modified":"2022-08-31T08:11:50","modified_gmt":"2022-08-31T13:11:50","slug":"i-toys","status":"publish","type":"page","link":"https:\/\/distributioncmr.com\/fr\/our-brands\/i-toys\/","title":{"rendered":"i-Toys"},"content":{"rendered":"<div class=\"wp-block-image\">\n<figure class=\"aligncenter size-large\"><img loading=\"lazy\" decoding=\"async\" width=\"197\" height=\"127\" src=\"https:\/\/distributioncmr.com\/wp-content\/uploads\/2021\/06\/i-toys-logo-20210615.png\" alt=\"\" class=\"wp-image-325\"\/><\/figure><\/div>\n\n\n<p>i-Toys propose une vari\u00e9t\u00e9 de jouets \u00e0 appr\u00e9cier autant par les enfants que par les parents. Plus \u00e0 venir bient\u00f4t.<\/p>\n\n\n\n<hr class=\"wp-block-separator has-css-opacity\"\/>\n\n\n\n<figure class=\"wp-block-gallery has-nested-images columns-3 wp-block-gallery-1 is-layout-flex wp-block-gallery-is-layout-flex\"><\/figure>","protected":false},"excerpt":{"rendered":"<p>i-Toys propose une vari\u00e9t\u00e9 de jouets \u00e0 appr\u00e9cier autant par les enfants que par les parents. Plus \u00e0 venir bient\u00f4t.<\/p>","protected":false},"author":1,"featured_media":0,"parent":259,"menu_order":0,"comment_status":"closed","ping_status":"closed","template":"","meta":{"footnotes":""},"class_list":["post-314","page","type-page","status-publish","hentry"],"_links":{"self":[{"href":"https:\/\/distributioncmr.com\/fr\/wp-json\/wp\/v2\/pages\/314","targetHints":{"allow":["GET"]}}],"collection":[{"href":"https:\/\/distributioncmr.com\/fr\/wp-json\/wp\/v2\/pages"}],"about":[{"href":"https:\/\/distributioncmr.com\/fr\/wp-json\/wp\/v2\/types\/page"}],"author":[{"embeddable":true,"href":"https:\/\/distributioncmr.com\/fr\/wp-json\/wp\/v2\/users\/1"}],"replies":[{"embeddable":true,"href":"https:\/\/distributioncmr.com\/fr\/wp-json\/wp\/v2\/comments?post=314"}],"version-history":[{"count":8,"href":"https:\/\/distributioncmr.com\/fr\/wp-json\/wp\/v2\/pages\/314\/revisions"}],"predecessor-version":[{"id":617,"href":"https:\/\/distributioncmr.com\/fr\/wp-json\/wp\/v2\/pages\/314\/revisions\/617"}],"up":[{"embeddable":true,"href":"https:\/\/distributioncmr.com\/fr\/wp-json\/wp\/v2\/pages\/259"}],"wp:attachment":[{"href":"https:\/\/distributioncmr.com\/fr\/wp-json\/wp\/v2\/media?parent=314"}],"curies":[{"name":"wp","href":"https:\/\/api.w.org\/{rel}","templated":true}]}}