{"id":303,"date":"2021-06-15T12:39:59","date_gmt":"2021-06-15T17:39:59","guid":{"rendered":"https:\/\/distributioncmr.com\/?page_id=303"},"modified":"2022-01-21T14:07:22","modified_gmt":"2022-01-21T19:07:22","slug":"i-tech","status":"publish","type":"page","link":"https:\/\/distributioncmr.com\/fr\/our-brands\/i-tech\/","title":{"rendered":"i-Tech"},"content":{"rendered":"<div class=\"wp-block-image\"><figure class=\"aligncenter size-large\"><img loading=\"lazy\" decoding=\"async\" width=\"192\" height=\"127\" src=\"https:\/\/distributioncmr.com\/wp-content\/uploads\/2021\/06\/i-tech-logo-20210615.png\" alt=\"\" class=\"wp-image-327\"\/><\/figure><\/div>\n\n\n\n<p>i-Tech est une collection d'accessoires pour t\u00e9lephone intelligent con\u00e7ue au Canada et vendue partout en Am\u00e9rique du Nord. Plus de d\u00e9tail \u00e0 venir...<\/p>\n\n\n\n<div class=\"wp-block-group\"><div class=\"wp-block-group__inner-container is-layout-flow wp-block-group-is-layout-flow\">\n<figure class=\"wp-block-gallery columns-3 wp-block-gallery-1 is-layout-flex wp-block-gallery-is-layout-flex\"><ul class=\"blocks-gallery-grid\"><li class=\"blocks-gallery-item\"><figure><img loading=\"lazy\" decoding=\"async\" width=\"1024\" height=\"942\" src=\"https:\/\/distributioncmr.com\/wp-content\/uploads\/2022\/01\/iphone11-Pack03-20211105-1-1024x942.jpg\" alt=\"\" data-id=\"555\" data-full-url=\"https:\/\/distributioncmr.com\/wp-content\/uploads\/2022\/01\/iphone11-Pack03-20211105-1.jpg\" data-link=\"https:\/\/distributioncmr.com\/our-brands\/i-tech\/iphone11-pack03-20211105-1\/\" class=\"wp-image-555\" srcset=\"https:\/\/distributioncmr.com\/wp-content\/uploads\/2022\/01\/iphone11-Pack03-20211105-1-1024x942.jpg 1024w, https:\/\/distributioncmr.com\/wp-content\/uploads\/2022\/01\/iphone11-Pack03-20211105-1-300x276.jpg 300w, https:\/\/distributioncmr.com\/wp-content\/uploads\/2022\/01\/iphone11-Pack03-20211105-1-768x706.jpg 768w, https:\/\/distributioncmr.com\/wp-content\/uploads\/2022\/01\/iphone11-Pack03-20211105-1-1536x1412.jpg 1536w, https:\/\/distributioncmr.com\/wp-content\/uploads\/2022\/01\/iphone11-Pack03-20211105-1-13x12.jpg 13w, https:\/\/distributioncmr.com\/wp-content\/uploads\/2022\/01\/iphone11-Pack03-20211105-1.jpg 1800w\" sizes=\"auto, (max-width: 1024px) 100vw, 1024px\" \/><\/figure><\/li><li class=\"blocks-gallery-item\"><figure><img loading=\"lazy\" decoding=\"async\" width=\"958\" height=\"1024\" src=\"https:\/\/distributioncmr.com\/wp-content\/uploads\/2022\/01\/iphone11-Pack0301-o1-20211102-2-958x1024.jpg\" alt=\"\" data-id=\"565\" data-full-url=\"https:\/\/distributioncmr.com\/wp-content\/uploads\/2022\/01\/iphone11-Pack0301-o1-20211102-2.jpg\" data-link=\"https:\/\/distributioncmr.com\/our-brands\/i-tech\/iphone11-pack0301-o1-20211102-2\/\" class=\"wp-image-565\" srcset=\"https:\/\/distributioncmr.com\/wp-content\/uploads\/2022\/01\/iphone11-Pack0301-o1-20211102-2-958x1024.jpg 958w, https:\/\/distributioncmr.com\/wp-content\/uploads\/2022\/01\/iphone11-Pack0301-o1-20211102-2-281x300.jpg 281w, https:\/\/distributioncmr.com\/wp-content\/uploads\/2022\/01\/iphone11-Pack0301-o1-20211102-2-768x821.jpg 768w, https:\/\/distributioncmr.com\/wp-content\/uploads\/2022\/01\/iphone11-Pack0301-o1-20211102-2-1437x1536.jpg 1437w, https:\/\/distributioncmr.com\/wp-content\/uploads\/2022\/01\/iphone11-Pack0301-o1-20211102-2-11x12.jpg 11w, https:\/\/distributioncmr.com\/wp-content\/uploads\/2022\/01\/iphone11-Pack0301-o1-20211102-2.jpg 1884w\" sizes=\"auto, (max-width: 958px) 100vw, 958px\" \/><\/figure><\/li><li class=\"blocks-gallery-item\"><figure><img loading=\"lazy\" decoding=\"async\" width=\"1024\" height=\"967\" src=\"https:\/\/distributioncmr.com\/wp-content\/uploads\/2022\/01\/iphone11-Pack06-20211104-2-1024x967.jpg\" alt=\"\" data-id=\"560\" data-full-url=\"https:\/\/distributioncmr.com\/wp-content\/uploads\/2022\/01\/iphone11-Pack06-20211104-2.jpg\" data-link=\"https:\/\/distributioncmr.com\/our-brands\/i-tech\/iphone11-pack06-20211104-2\/\" class=\"wp-image-560\" srcset=\"https:\/\/distributioncmr.com\/wp-content\/uploads\/2022\/01\/iphone11-Pack06-20211104-2-1024x967.jpg 1024w, https:\/\/distributioncmr.com\/wp-content\/uploads\/2022\/01\/iphone11-Pack06-20211104-2-300x283.jpg 300w, https:\/\/distributioncmr.com\/wp-content\/uploads\/2022\/01\/iphone11-Pack06-20211104-2-768x726.jpg 768w, https:\/\/distributioncmr.com\/wp-content\/uploads\/2022\/01\/iphone11-Pack06-20211104-2-1536x1451.jpg 1536w, https:\/\/distributioncmr.com\/wp-content\/uploads\/2022\/01\/iphone11-Pack06-20211104-2-13x12.jpg 13w, https:\/\/distributioncmr.com\/wp-content\/uploads\/2022\/01\/iphone11-Pack06-20211104-2.jpg 1756w\" sizes=\"auto, (max-width: 1024px) 100vw, 1024px\" \/><\/figure><\/li><li class=\"blocks-gallery-item\"><figure><img loading=\"lazy\" decoding=\"async\" width=\"615\" height=\"1024\" src=\"https:\/\/distributioncmr.com\/wp-content\/uploads\/2022\/01\/iphone-xr-Pack0601-20211109-615x1024.jpg\" alt=\"\" data-id=\"572\" data-full-url=\"https:\/\/distributioncmr.com\/wp-content\/uploads\/2022\/01\/iphone-xr-Pack0601-20211109.jpg\" data-link=\"https:\/\/distributioncmr.com\/our-brands\/i-tech\/iphone-xr-pack0601-20211109\/\" class=\"wp-image-572\" srcset=\"https:\/\/distributioncmr.com\/wp-content\/uploads\/2022\/01\/iphone-xr-Pack0601-20211109-615x1024.jpg 615w, https:\/\/distributioncmr.com\/wp-content\/uploads\/2022\/01\/iphone-xr-Pack0601-20211109-180x300.jpg 180w, https:\/\/distributioncmr.com\/wp-content\/uploads\/2022\/01\/iphone-xr-Pack0601-20211109-768x1279.jpg 768w, https:\/\/distributioncmr.com\/wp-content\/uploads\/2022\/01\/iphone-xr-Pack0601-20211109-923x1536.jpg 923w, https:\/\/distributioncmr.com\/wp-content\/uploads\/2022\/01\/iphone-xr-Pack0601-20211109-7x12.jpg 7w, https:\/\/distributioncmr.com\/wp-content\/uploads\/2022\/01\/iphone-xr-Pack0601-20211109.jpg 1074w\" sizes=\"auto, (max-width: 615px) 100vw, 615px\" \/><\/figure><\/li><li class=\"blocks-gallery-item\"><figure><img loading=\"lazy\" decoding=\"async\" width=\"615\" height=\"1024\" src=\"https:\/\/distributioncmr.com\/wp-content\/uploads\/2022\/01\/iphone11-Pack0502-20211104-615x1024.jpg\" alt=\"\" data-id=\"566\" data-full-url=\"https:\/\/distributioncmr.com\/wp-content\/uploads\/2022\/01\/iphone11-Pack0502-20211104.jpg\" data-link=\"https:\/\/distributioncmr.com\/our-brands\/i-tech\/iphone11-pack0502-20211104\/\" class=\"wp-image-566\" srcset=\"https:\/\/distributioncmr.com\/wp-content\/uploads\/2022\/01\/iphone11-Pack0502-20211104-615x1024.jpg 615w, https:\/\/distributioncmr.com\/wp-content\/uploads\/2022\/01\/iphone11-Pack0502-20211104-180x300.jpg 180w, https:\/\/distributioncmr.com\/wp-content\/uploads\/2022\/01\/iphone11-Pack0502-20211104-768x1279.jpg 768w, https:\/\/distributioncmr.com\/wp-content\/uploads\/2022\/01\/iphone11-Pack0502-20211104-923x1536.jpg 923w, https:\/\/distributioncmr.com\/wp-content\/uploads\/2022\/01\/iphone11-Pack0502-20211104-7x12.jpg 7w, https:\/\/distributioncmr.com\/wp-content\/uploads\/2022\/01\/iphone11-Pack0502-20211104.jpg 1074w\" sizes=\"auto, (max-width: 615px) 100vw, 615px\" \/><\/figure><\/li><li class=\"blocks-gallery-item\"><figure><img loading=\"lazy\" decoding=\"async\" width=\"615\" height=\"1024\" src=\"https:\/\/distributioncmr.com\/wp-content\/uploads\/2022\/01\/iphone-xr-Pack0201-20211105-615x1024.jpg\" alt=\"\" data-id=\"571\" data-full-url=\"https:\/\/distributioncmr.com\/wp-content\/uploads\/2022\/01\/iphone-xr-Pack0201-20211105.jpg\" data-link=\"https:\/\/distributioncmr.com\/our-brands\/i-tech\/iphone-xr-pack0201-20211105\/\" class=\"wp-image-571\" srcset=\"https:\/\/distributioncmr.com\/wp-content\/uploads\/2022\/01\/iphone-xr-Pack0201-20211105-615x1024.jpg 615w, https:\/\/distributioncmr.com\/wp-content\/uploads\/2022\/01\/iphone-xr-Pack0201-20211105-180x300.jpg 180w, https:\/\/distributioncmr.com\/wp-content\/uploads\/2022\/01\/iphone-xr-Pack0201-20211105-768x1279.jpg 768w, https:\/\/distributioncmr.com\/wp-content\/uploads\/2022\/01\/iphone-xr-Pack0201-20211105-923x1536.jpg 923w, https:\/\/distributioncmr.com\/wp-content\/uploads\/2022\/01\/iphone-xr-Pack0201-20211105-7x12.jpg 7w, https:\/\/distributioncmr.com\/wp-content\/uploads\/2022\/01\/iphone-xr-Pack0201-20211105.jpg 1074w\" sizes=\"auto, (max-width: 615px) 100vw, 615px\" \/><\/figure><\/li><li class=\"blocks-gallery-item\"><figure><img loading=\"lazy\" decoding=\"async\" width=\"1024\" height=\"672\" src=\"https:\/\/distributioncmr.com\/wp-content\/uploads\/2022\/01\/iphone-xr-Pack02-20211108-1024x672.jpg\" alt=\"\" data-id=\"570\" data-full-url=\"https:\/\/distributioncmr.com\/wp-content\/uploads\/2022\/01\/iphone-xr-Pack02-20211108-scaled.jpg\" data-link=\"https:\/\/distributioncmr.com\/our-brands\/i-tech\/iphone-xr-pack02-20211108\/\" class=\"wp-image-570\" srcset=\"https:\/\/distributioncmr.com\/wp-content\/uploads\/2022\/01\/iphone-xr-Pack02-20211108-1024x672.jpg 1024w, https:\/\/distributioncmr.com\/wp-content\/uploads\/2022\/01\/iphone-xr-Pack02-20211108-300x197.jpg 300w, https:\/\/distributioncmr.com\/wp-content\/uploads\/2022\/01\/iphone-xr-Pack02-20211108-768x504.jpg 768w, https:\/\/distributioncmr.com\/wp-content\/uploads\/2022\/01\/iphone-xr-Pack02-20211108-1536x1008.jpg 1536w, https:\/\/distributioncmr.com\/wp-content\/uploads\/2022\/01\/iphone-xr-Pack02-20211108-2048x1344.jpg 2048w, https:\/\/distributioncmr.com\/wp-content\/uploads\/2022\/01\/iphone-xr-Pack02-20211108-16x10.jpg 16w\" sizes=\"auto, (max-width: 1024px) 100vw, 1024px\" \/><\/figure><\/li><li class=\"blocks-gallery-item\"><figure><img loading=\"lazy\" decoding=\"async\" width=\"1024\" height=\"672\" src=\"https:\/\/distributioncmr.com\/wp-content\/uploads\/2022\/01\/iphone11-Pack01-f-20211103-1024x672.jpg\" alt=\"\" data-id=\"573\" data-full-url=\"https:\/\/distributioncmr.com\/wp-content\/uploads\/2022\/01\/iphone11-Pack01-f-20211103-scaled.jpg\" data-link=\"https:\/\/distributioncmr.com\/our-brands\/i-tech\/iphone11-pack01-f-20211103\/\" class=\"wp-image-573\" srcset=\"https:\/\/distributioncmr.com\/wp-content\/uploads\/2022\/01\/iphone11-Pack01-f-20211103-1024x672.jpg 1024w, https:\/\/distributioncmr.com\/wp-content\/uploads\/2022\/01\/iphone11-Pack01-f-20211103-300x197.jpg 300w, https:\/\/distributioncmr.com\/wp-content\/uploads\/2022\/01\/iphone11-Pack01-f-20211103-768x504.jpg 768w, https:\/\/distributioncmr.com\/wp-content\/uploads\/2022\/01\/iphone11-Pack01-f-20211103-1536x1008.jpg 1536w, https:\/\/distributioncmr.com\/wp-content\/uploads\/2022\/01\/iphone11-Pack01-f-20211103-2048x1344.jpg 2048w, https:\/\/distributioncmr.com\/wp-content\/uploads\/2022\/01\/iphone11-Pack01-f-20211103-16x10.jpg 16w\" sizes=\"auto, (max-width: 1024px) 100vw, 1024px\" \/><\/figure><\/li><li class=\"blocks-gallery-item\"><figure><img loading=\"lazy\" decoding=\"async\" width=\"1024\" height=\"659\" src=\"https:\/\/distributioncmr.com\/wp-content\/uploads\/2022\/01\/iphone11-Pack01-02-03-20211102-1024x659.jpg\" alt=\"\" data-id=\"574\" data-full-url=\"https:\/\/distributioncmr.com\/wp-content\/uploads\/2022\/01\/iphone11-Pack01-02-03-20211102-scaled.jpg\" data-link=\"https:\/\/distributioncmr.com\/our-brands\/i-tech\/iphone11-pack01-02-03-20211102\/\" class=\"wp-image-574\" srcset=\"https:\/\/distributioncmr.com\/wp-content\/uploads\/2022\/01\/iphone11-Pack01-02-03-20211102-1024x659.jpg 1024w, https:\/\/distributioncmr.com\/wp-content\/uploads\/2022\/01\/iphone11-Pack01-02-03-20211102-300x193.jpg 300w, https:\/\/distributioncmr.com\/wp-content\/uploads\/2022\/01\/iphone11-Pack01-02-03-20211102-768x495.jpg 768w, https:\/\/distributioncmr.com\/wp-content\/uploads\/2022\/01\/iphone11-Pack01-02-03-20211102-1536x989.jpg 1536w, https:\/\/distributioncmr.com\/wp-content\/uploads\/2022\/01\/iphone11-Pack01-02-03-20211102-2048x1319.jpg 2048w, https:\/\/distributioncmr.com\/wp-content\/uploads\/2022\/01\/iphone11-Pack01-02-03-20211102-16x10.jpg 16w\" sizes=\"auto, (max-width: 1024px) 100vw, 1024px\" \/><\/figure><\/li><\/ul><\/figure>\n<\/div><\/div>\n\n\n\n<p><\/p>","protected":false},"excerpt":{"rendered":"<p>i-Tech est une collection d'accessoires pour t\u00e9lephone intelligent con\u00e7ue au Canada et vendue partout en Am\u00e9rique du Nord. Plus de d\u00e9tail \u00e0 venir...<\/p>","protected":false},"author":1,"featured_media":0,"parent":259,"menu_order":0,"comment_status":"closed","ping_status":"closed","template":"","meta":{"footnotes":""},"class_list":["post-303","page","type-page","status-publish","hentry"],"_links":{"self":[{"href":"https:\/\/distributioncmr.com\/fr\/wp-json\/wp\/v2\/pages\/303","targetHints":{"allow":["GET"]}}],"collection":[{"href":"https:\/\/distributioncmr.com\/fr\/wp-json\/wp\/v2\/pages"}],"about":[{"href":"https:\/\/distributioncmr.com\/fr\/wp-json\/wp\/v2\/types\/page"}],"author":[{"embeddable":true,"href":"https:\/\/distributioncmr.com\/fr\/wp-json\/wp\/v2\/users\/1"}],"replies":[{"embeddable":true,"href":"https:\/\/distributioncmr.com\/fr\/wp-json\/wp\/v2\/comments?post=303"}],"version-history":[{"count":13,"href":"https:\/\/distributioncmr.com\/fr\/wp-json\/wp\/v2\/pages\/303\/revisions"}],"predecessor-version":[{"id":576,"href":"https:\/\/distributioncmr.com\/fr\/wp-json\/wp\/v2\/pages\/303\/revisions\/576"}],"up":[{"embeddable":true,"href":"https:\/\/distributioncmr.com\/fr\/wp-json\/wp\/v2\/pages\/259"}],"wp:attachment":[{"href":"https:\/\/distributioncmr.com\/fr\/wp-json\/wp\/v2\/media?parent=303"}],"curies":[{"name":"wp","href":"https:\/\/api.w.org\/{rel}","templated":true}]}}