{"id":259,"date":"2021-06-10T16:40:48","date_gmt":"2021-06-10T16:40:48","guid":{"rendered":"https:\/\/distributioncmr.com\/?page_id=259"},"modified":"2023-08-10T12:21:40","modified_gmt":"2023-08-10T17:21:40","slug":"our-brands","status":"publish","type":"page","link":"https:\/\/distributioncmr.com\/fr\/our-brands\/","title":{"rendered":"Nos Marques"},"content":{"rendered":"<h1 class=\"wp-block-heading\">Nos Marques<\/h1>\n\n\n\n<p>Chez CMR, nous continuons de cr\u00e9er de  nouveaux produits passionnants. De nouvelles marques sont ajout\u00e9es chaque ann\u00e9e pour compl\u00e9ter et am\u00e9liorer nos s\u00e9lections.<\/p>\n\n\n\n<div class=\"wp-block-group\"><div class=\"wp-block-group__inner-container is-layout-flow wp-block-group-is-layout-flow\">\n<figure class=\"wp-block-gallery aligncenter columns-3\">\n<ul class=\"blocks-gallery-grid\">\n<li class=\"blocks-gallery-item\">\n<figure><a href=\"https:\/\/distributioncmr.com\/fr\/our-brands\/i-pet\/\"><img loading=\"lazy\" decoding=\"async\" width=\"189\" height=\"127\" class=\"wp-image-323\" src=\"https:\/\/distributioncmr.com\/wp-content\/uploads\/2021\/06\/i-pet-logo-20210615.png\" alt=\"\" data-id=\"323\" data-full-url=\"https:\/\/distributioncmr.com\/wp-content\/uploads\/2021\/06\/i-pet-logo-20210615.png\" data-link=\"https:\/\/distributioncmr.com\/our-brands\/i-pet-logo-20210615\/\" \/><\/a><\/figure>\n<\/li>\n<li class=\"blocks-gallery-item\">\n<figure><a href=\"https:\/\/distributioncmr.com\/fr\/our-brands\/i-go\/\"><img loading=\"lazy\" decoding=\"async\" class=\"alignnone wp-image-701 size-thumbnail\" src=\"https:\/\/distributioncmr.com\/wp-content\/uploads\/2023\/08\/i-go-for-Amjad-20230809-150x150.png\" alt=\"\" width=\"150\" height=\"150\" data-id=\"327\" data-full-url=\"https:\/\/distributioncmr.com\/wp-content\/uploads\/2021\/06\/i-tech-logo-20210615.png\" data-link=\"https:\/\/distributioncmr.com\/our-brands\/igo-logo\/\" \/><\/a><\/figure>\n<\/li>\n<li class=\"blocks-gallery-item\">\n<figure><a href=\"https:\/\/distributioncmr.com\/fr\/our-brands\/espresso\/\"><img loading=\"lazy\" decoding=\"async\" class=\"alignleft wp-image-697 size-medium\" src=\"https:\/\/distributioncmr.com\/wp-content\/uploads\/2023\/08\/espresso-for-Amjad-20230809_page-0001-300x83.jpg\" alt=\"\" width=\"300\" height=\"83\" data-id=\"327\" data-full-url=\"https:\/\/distributioncmr.com\/wp-content\/uploads\/2021\/06\/i-tech-logo-20210615.png\" data-link=\"https:\/\/distributioncmr.com\/our-brands\/i-tech-logo-20210615\/\" srcset=\"https:\/\/distributioncmr.com\/wp-content\/uploads\/2023\/08\/espresso-for-Amjad-20230809_page-0001-300x83.jpg 300w, https:\/\/distributioncmr.com\/wp-content\/uploads\/2023\/08\/espresso-for-Amjad-20230809_page-0001-768x212.jpg 768w, https:\/\/distributioncmr.com\/wp-content\/uploads\/2023\/08\/espresso-for-Amjad-20230809_page-0001-16x4.jpg 16w, https:\/\/distributioncmr.com\/wp-content\/uploads\/2023\/08\/espresso-for-Amjad-20230809_page-0001.jpg 980w\" sizes=\"auto, (max-width: 300px) 100vw, 300px\" \/><\/a><\/figure>\n<\/li>\n<li class=\"blocks-gallery-item\">\n<figure><a href=\"https:\/\/distributioncmr.com\/fr\/our-brands\/i-tech\/\"><img loading=\"lazy\" decoding=\"async\" width=\"192\" height=\"127\" class=\"wp-image-327\" src=\"https:\/\/distributioncmr.com\/wp-content\/uploads\/2021\/06\/i-tech-logo-20210615.png\" alt=\"\" data-id=\"327\" data-full-url=\"https:\/\/distributioncmr.com\/wp-content\/uploads\/2021\/06\/i-tech-logo-20210615.png\" data-link=\"https:\/\/distributioncmr.com\/our-brands\/i-tech-logo-20210615\/\" \/><\/a><\/figure>\n<\/li>\n<li class=\"blocks-gallery-item\">\n<figure><a href=\"https:\/\/distributioncmr.com\/fr\/our-brands\/i-puzzles\/\"><img loading=\"lazy\" decoding=\"async\" width=\"263\" height=\"127\" class=\"wp-image-326\" src=\"https:\/\/distributioncmr.com\/wp-content\/uploads\/2021\/06\/i-puzzles-logo-20210615.png\" alt=\"\" data-id=\"326\" data-full-url=\"https:\/\/distributioncmr.com\/wp-content\/uploads\/2021\/06\/i-puzzles-logo-20210615.png\" data-link=\"https:\/\/distributioncmr.com\/our-brands\/i-puzzles-logo-20210615\/\" \/><\/a><\/figure>\n<\/li>\n<li class=\"blocks-gallery-item\">\n<figure><a href=\"https:\/\/distributioncmr.com\/fr\/our-brands\/i-toys\/\"><img loading=\"lazy\" decoding=\"async\" width=\"197\" height=\"127\" class=\"wp-image-325\" src=\"https:\/\/distributioncmr.com\/wp-content\/uploads\/2021\/06\/i-toys-logo-20210615.png\" alt=\"\" data-id=\"325\" data-full-url=\"https:\/\/distributioncmr.com\/wp-content\/uploads\/2021\/06\/i-toys-logo-20210615.png\" data-link=\"https:\/\/distributioncmr.com\/our-brands\/i-toys-logo-20210615\/\" \/><\/a><\/figure>\n<\/li>\n<\/ul>\n<\/figure>\n<\/div><\/div>","protected":false},"excerpt":{"rendered":"<p>Our Brands At CMR, our product development team is continuously creating new and exciting product. New brands are added yearly to complement and enhance our current assortment.<\/p>","protected":false},"author":1,"featured_media":0,"parent":0,"menu_order":0,"comment_status":"closed","ping_status":"closed","template":"","meta":{"footnotes":""},"class_list":["post-259","page","type-page","status-publish","hentry"],"_links":{"self":[{"href":"https:\/\/distributioncmr.com\/fr\/wp-json\/wp\/v2\/pages\/259","targetHints":{"allow":["GET"]}}],"collection":[{"href":"https:\/\/distributioncmr.com\/fr\/wp-json\/wp\/v2\/pages"}],"about":[{"href":"https:\/\/distributioncmr.com\/fr\/wp-json\/wp\/v2\/types\/page"}],"author":[{"embeddable":true,"href":"https:\/\/distributioncmr.com\/fr\/wp-json\/wp\/v2\/users\/1"}],"replies":[{"embeddable":true,"href":"https:\/\/distributioncmr.com\/fr\/wp-json\/wp\/v2\/comments?post=259"}],"version-history":[{"count":24,"href":"https:\/\/distributioncmr.com\/fr\/wp-json\/wp\/v2\/pages\/259\/revisions"}],"predecessor-version":[{"id":716,"href":"https:\/\/distributioncmr.com\/fr\/wp-json\/wp\/v2\/pages\/259\/revisions\/716"}],"wp:attachment":[{"href":"https:\/\/distributioncmr.com\/fr\/wp-json\/wp\/v2\/media?parent=259"}],"curies":[{"name":"wp","href":"https:\/\/api.w.org\/{rel}","templated":true}]}}