{"id":19,"date":"2020-07-13T17:32:26","date_gmt":"2020-07-13T17:32:26","guid":{"rendered":"http:\/\/distributioncmr.com\/?page_id=19"},"modified":"2020-08-07T20:16:16","modified_gmt":"2020-08-07T20:16:16","slug":"about","status":"publish","type":"page","link":"https:\/\/distributioncmr.com\/fr\/about\/","title":{"rendered":"\u00c0 Propos"},"content":{"rendered":"<h1 class=\"wp-block-heading\">\u00c0 Propos<\/h1>\n\n\n\n<hr class=\"wp-block-separator is-style-dots\"\/>\n\n\n\n<p>Distribution CMR est une entreprise priv\u00e9e et familiale qui a \u00e9t\u00e9 fond\u00e9e \u00e0 Montr\u00e9al, Qu\u00e9bec en 1987. Distribution CMR \u00e9tait initialement ax\u00e9e dans la vente et la distribution de produits de divertissement familial et domestique comme des VHS, DVD, Blu-ray,  CD de Musique et autre. CMR est rapidement devenue un chef de file dans la vente et la distribution d'une vari\u00e9t\u00e9 de produits \u00e0 travers le Canada et aux \u00c9tats-Unis. Nos clients, qui d\u00e9passent 10 000 magasins physiques et de grands d\u00e9taillants en ligne, comprennent des \u00e9piceries, des pharmacies, des quincailleries, des magasins de sport, de rabais et des marchandises g\u00e9n\u00e9rales. Nos nouveaux bureaux de 100 000 pieds carr\u00e9s situ\u00e9s \u00e0 Pointe-Claire, au Qu\u00e9bec, emploient une \u00e9quipe compl\u00e8te de vendeurs, de service \u00e0 la client\u00e8le, de marchandisage, de d\u00e9veloppement de produits et d'employ\u00e9s d'entrep\u00f4t.<\/p>\n\n\n\n<p>Chez CMR, nous sommes fiers d'offrir des produits de qualit\u00e9, des prix comp\u00e9titifs, un excellent service client et une livraison rapide.<\/p>\n\n\n\n<hr class=\"wp-block-separator is-style-dots\"\/>\n\n\n\n<p><\/p>\n\n\n\n<figure class=\"wp-block-image size-large\"><img loading=\"lazy\" decoding=\"async\" width=\"1024\" height=\"305\" src=\"http:\/\/distributioncmr.com\/wp-content\/uploads\/2020\/07\/warehouse-1024x305.png\" alt=\"\" class=\"wp-image-50\" srcset=\"https:\/\/distributioncmr.com\/wp-content\/uploads\/2020\/07\/warehouse-1024x305.png 1024w, https:\/\/distributioncmr.com\/wp-content\/uploads\/2020\/07\/warehouse-300x89.png 300w, https:\/\/distributioncmr.com\/wp-content\/uploads\/2020\/07\/warehouse-768x229.png 768w, https:\/\/distributioncmr.com\/wp-content\/uploads\/2020\/07\/warehouse.png 1429w\" sizes=\"auto, (max-width: 1024px) 100vw, 1024px\" \/><\/figure>","protected":false},"excerpt":{"rendered":"<p>About Us Distribution CMR, a privately held and family run company, was established in 1987 in Montreal, Quebec. Originally specializing in the sale and distribution of family and home entertainment products, CMR has evolved into an industry leader in the wholesale and distribution of a variety of products throughout Canada and the United States. Our [&hellip;]<\/p>","protected":false},"author":1,"featured_media":0,"parent":0,"menu_order":0,"comment_status":"closed","ping_status":"closed","template":"","meta":{"footnotes":""},"class_list":["post-19","page","type-page","status-publish","hentry"],"_links":{"self":[{"href":"https:\/\/distributioncmr.com\/fr\/wp-json\/wp\/v2\/pages\/19","targetHints":{"allow":["GET"]}}],"collection":[{"href":"https:\/\/distributioncmr.com\/fr\/wp-json\/wp\/v2\/pages"}],"about":[{"href":"https:\/\/distributioncmr.com\/fr\/wp-json\/wp\/v2\/types\/page"}],"author":[{"embeddable":true,"href":"https:\/\/distributioncmr.com\/fr\/wp-json\/wp\/v2\/users\/1"}],"replies":[{"embeddable":true,"href":"https:\/\/distributioncmr.com\/fr\/wp-json\/wp\/v2\/comments?post=19"}],"version-history":[{"count":7,"href":"https:\/\/distributioncmr.com\/fr\/wp-json\/wp\/v2\/pages\/19\/revisions"}],"predecessor-version":[{"id":212,"href":"https:\/\/distributioncmr.com\/fr\/wp-json\/wp\/v2\/pages\/19\/revisions\/212"}],"wp:attachment":[{"href":"https:\/\/distributioncmr.com\/fr\/wp-json\/wp\/v2\/media?parent=19"}],"curies":[{"name":"wp","href":"https:\/\/api.w.org\/{rel}","templated":true}]}}