{"id":130,"date":"2020-08-05T16:01:37","date_gmt":"2020-08-05T16:01:37","guid":{"rendered":"http:\/\/distributioncmr.com\/?page_id=130"},"modified":"2020-09-03T15:46:13","modified_gmt":"2020-09-03T15:46:13","slug":"our-services","status":"publish","type":"page","link":"https:\/\/distributioncmr.com\/fr\/our-services\/","title":{"rendered":"Nos Services"},"content":{"rendered":"<div class=\"wp-block-group\"><div class=\"wp-block-group__inner-container is-layout-flow wp-block-group-is-layout-flow\">\n<h1 class=\"wp-block-heading\">Nos Services<\/h1>\n\n\n\n<h2 class=\"wp-block-heading\" id=\"logistics\">Logistique\net Entreposage<\/h2>\n\n\n\n<p>Avec notre entrep\u00f4t de 100 000 pieds carr\u00e9s, vous \u00eates certains que tous vos besoins en mati\u00e8re de logistique et d'entreposage seront remplis tout en respectant les normes de s\u00e9curit\u00e9 les plus \u00e9lev\u00e9es.<\/p>\n\n\n\n<ul class=\"wp-block-list\"><li>R\u00e9ception et Exp\u00e9dition<\/li><li>Gestion d'Entrep\u00f4t<\/li><li>Service \u00e0 la Client\u00e8le<\/li><li>Retour Client<\/li><li>Gestion des Marchandises Endommag\u00e9es<\/li><\/ul>\n<\/div><\/div>\n\n\n\n<hr class=\"wp-block-separator is-style-dots\"\/>\n\n\n\n<div class=\"wp-block-group\"><div class=\"wp-block-group__inner-container is-layout-flow wp-block-group-is-layout-flow\">\n<h2 class=\"pre, sub, sup wp-block-heading\" id=\"ecom\">Remplir les Commandes<\/h2>\n\n\n\n<div class=\"wp-block-group\"><div class=\"wp-block-group__inner-container is-layout-flow wp-block-group-is-layout-flow\">\n<p>Remplir les commandes \u00e0 temps et avec pr\u00e9cision veut dire des clients satisfaits et des \u00e9valuations positives. L'externalisation de votre exploitation peut \u00eatre un moyen \u00e9conomique de soutenir l'expansion de votre boutique en ligne.<\/p>\n\n\n\n<ul class=\"wp-block-list\"><li>Gestion et Integration de Magasin en Ligne<\/li><li>R\u00e9ception et Gestion de l'Inventaire<\/li><li>Ex\u00e9cution des Commandes<\/li><li>Traitement des Retours<\/li><\/ul>\n<\/div><\/div>\n<\/div><\/div>\n\n\n\n<hr class=\"wp-block-separator is-style-dots\"\/>\n\n\n\n<div class=\"wp-block-group\"><div class=\"wp-block-group__inner-container is-layout-flow wp-block-group-is-layout-flow\">\n<h2 class=\"wp-block-heading\" id=\"order\">Gestion des Commandes<\/h2>\n\n\n\n<p>Avec notre \u00e9quipe charg\u00e9s de l'ex\u00e9cution des commandes, nous sommes \u00e9quip\u00e9s pour g\u00e9rer le bon d\u00e9roulement de vos op\u00e9rations, de la vente \u00e0 la livraison.<\/p>\n\n\n\n<ul class=\"wp-block-list\"><li>Questions sur les Produits<\/li><li>R\u00e9servation des Commandes<\/li><li>Facturation<\/li><li>Traitement des Commandes<\/li><li>Exp\u00e9dition<\/li><li>Suivi des Colis<\/li><li>Livraison<\/li><li>Retours<\/li><\/ul>\n<\/div><\/div>\n\n\n\n<hr class=\"wp-block-separator is-style-dots\"\/>\n\n\n\n<div class=\"wp-block-group\"><div class=\"wp-block-group__inner-container is-layout-flow wp-block-group-is-layout-flow\">\n<h2 class=\"wp-block-heading\" id=\"product\">Conception et D\u00e9veloppement de Produits<\/h2>\n\n\n\n<p>Notre \u00e9quipe de concepteurs de produits est pr\u00eat \u00e0 vous aider dans tous vos besoins d'approvisionnement et de d\u00e9veloppement.<\/p>\n\n\n\n<ul class=\"wp-block-list\"><li>\u00c9tude de March\u00e9<\/li><li>Conception<\/li><li>Recherche<\/li><li>Examen Approfondi<\/li><li>Mod\u00e8le<\/li><li>Approvisionnement<\/li><li>Contr\u00f4le de Qualit\u00e9<\/li><li>Lancement<\/li><\/ul>\n<\/div><\/div>\n\n\n\n<hr class=\"wp-block-separator is-style-dots\"\/>\n\n\n\n<div class=\"wp-block-group\"><div class=\"wp-block-group__inner-container is-layout-flow wp-block-group-is-layout-flow\">\n<h2 class=\"wp-block-heading\" id=\"sales\">Ventes et Gestion des Comptes<\/h2>\n\n\n\n<p>Nous sommes fiers des relations que nous avons tiss\u00e9s avec nos clients, les principaux dirigeants d'entreprise et les parties prenantes. Notre \u00e9quipe de gestionnaires de comptes est pr\u00eate \u00e0 \u00e9tablir et \u00e0 d\u00e9velopper de nouvelles relations en fonction des besoins de votre entreprise:<\/p>\n\n\n\n<ul class=\"wp-block-list\"><li>Agir en tant que point de contact principal pour toutes les questions sp\u00e9cifiques aux comptes<\/li><li>\u00c9tablir et maintenir des relations solides et durables avec les clients<\/li><li>N\u00e9gocier des contrats et des accords pour maximiser les profits<\/li><li>Assurer une livraison rapide et r\u00e9ussie selon les besoins du client<\/li><li>Pr\u00e9voir et suivre les param\u00e8tres des comptes cl\u00e9s<\/li><\/ul>\n<\/div><\/div>\n\n\n\n<hr class=\"wp-block-separator is-style-dots\"\/>\n\n\n\n<div class=\"wp-block-group\"><div class=\"wp-block-group__inner-container is-layout-flow wp-block-group-is-layout-flow\">\n<h2 class=\"wp-block-heading\" id=\"distribution\">Distribution<\/h2>\n\n\n\n<p>Nous sommes disponibles pour le commerce en ligne B2B et B2C et pour une large gamme de produits tels que les mati\u00e8res premi\u00e8res, les produits finis, etc.<\/p>\n\n\n\n<ul class=\"wp-block-list\"><li>B2B<\/li><li>B2C<\/li><li>Commerce en ligne B2B<\/li><\/ul>\n<\/div><\/div>\n\n\n\n<p><\/p>","protected":false},"excerpt":{"rendered":"<p>Our Services Logistics &amp; Warehousing: With our 100 000 sq. Ft warehouse, you can trust that all your logistic and warehousing needs will be met all the while following the highest in safety standards. Shipping and receiving Warehouse management Customer service Customer returns Damaged goods handling E-com Fulfillment: Accurate and on time fulfillment equals happy [&hellip;]<\/p>","protected":false},"author":1,"featured_media":0,"parent":0,"menu_order":0,"comment_status":"closed","ping_status":"closed","template":"","meta":{"footnotes":""},"class_list":["post-130","page","type-page","status-publish","hentry"],"_links":{"self":[{"href":"https:\/\/distributioncmr.com\/fr\/wp-json\/wp\/v2\/pages\/130","targetHints":{"allow":["GET"]}}],"collection":[{"href":"https:\/\/distributioncmr.com\/fr\/wp-json\/wp\/v2\/pages"}],"about":[{"href":"https:\/\/distributioncmr.com\/fr\/wp-json\/wp\/v2\/types\/page"}],"author":[{"embeddable":true,"href":"https:\/\/distributioncmr.com\/fr\/wp-json\/wp\/v2\/users\/1"}],"replies":[{"embeddable":true,"href":"https:\/\/distributioncmr.com\/fr\/wp-json\/wp\/v2\/comments?post=130"}],"version-history":[{"count":21,"href":"https:\/\/distributioncmr.com\/fr\/wp-json\/wp\/v2\/pages\/130\/revisions"}],"predecessor-version":[{"id":253,"href":"https:\/\/distributioncmr.com\/fr\/wp-json\/wp\/v2\/pages\/130\/revisions\/253"}],"wp:attachment":[{"href":"https:\/\/distributioncmr.com\/fr\/wp-json\/wp\/v2\/media?parent=130"}],"curies":[{"name":"wp","href":"https:\/\/api.w.org\/{rel}","templated":true}]}}